{"id":6545,"date":"2015-01-21T11:06:16","date_gmt":"2015-01-21T10:06:16","guid":{"rendered":"http:\/\/doerrenhaus.com\/?page_id=6545"},"modified":"2026-02-10T15:13:27","modified_gmt":"2026-02-10T14:13:27","slug":"impressum","status":"publish","type":"page","link":"https:\/\/www.doerrenhaus.com\/en\/impressum\/","title":{"rendered":"Disclaimer"},"content":{"rendered":"<p><b>D\u00f6rrenhaus GmbH<\/b><br>\nInternationale Spedition<\/p>\n<p>Siemensstrasse 21<br>\n42551 Velbert<\/p>\n<p>Phone: +49 2051-2808-0<br>\nFax: +49 2051-2808-88<br>\nE-mail: info(at)doerrenhaus.com<br>\nInternet: www.doerrenhaus.com<\/p>\n<p>Managing director authorised to represent the company:<br>\nLars D\u00f6rrenhaus, Arne Cujai<\/p>\n<p>Register court and number:<br>\nWuppertal Local Court, HRB 17304<\/p>\n<p>Sales tax identification number according to \u00a7 27 a sales tax law:<br>\nEN 121540012<\/p>\n<p>Responsible for content according to \u00a7 10 paragraph 3 MDStV:<br>\nLars D\u00f6rrenhaus, Arne Cujai<\/p>\n<p>Programming:<br>\nbitloft GmbH<\/p>\n<p><b>Copyright and trade mark law<\/b><br>\nThe websites (www.doerrenhaus.com) are protected by copyright. The resulting rights, in particular translation, reprinting, extraction of illustrations, radio transmission, reproduction by photomechanical or similar means and storage in data processing systems, are reserved. D\u00f6rrenhaus GmbH holds the copyright for all content on this website.<\/p>\n<p><b>Links<\/b><br>\nWe would like to expressly emphasise that we have no influence whatsoever on the design and content of the pages we link to. We therefore expressly distance ourselves from the content of all linked pages on our homepage and all pages belonging to our company and do not adopt their content as our own. We accept no liability whatsoever for the content of pages linked to from our own Internet pages. All details and information contained on our website have been carefully researched and checked.<\/p>\n<p><b>Disclaimer<\/b><br>\nAll information is provided without guarantee. Misprints and errors excepted. We reserve the right to make changes and additions at any time and without prior notice. Our offer is subject to change. No liability can be accepted for correctness, completeness and up-to-dateness.<\/p>\n<p><b>Note on image material used:<\/b><br>\nPhoto \"time\" by Marco Alves and photo \"downward\" by Chriskuddl ex website www.photocase.de<\/p>\n<p>\"Fotolia\" \u00a9 beawolf\u00a9 kalafoto\u00a9 Marco2811\u00a9 lassedesignen\u00a9 Okea\u00a9 erikdegraaf\u00a9 Ivan Kruk\u00a9 Mark Atkins\u00a9 Sergej Seemann\u00a9 lamaka\u00a9 lassedesignen\u00a9 Sergiy Serdyuk\u00a9 c\u00a9 charles taylor\u00a9 pdtnc\u00a9 Antrey\u00a9 H-J Paulsen\u00a9 diego cervo\u00a9 \u00d6zg\u00fcr G\u00fcven\u00e7\u00a9 Aditia Patria Warman - Website www.fotolia.de<\/p>\n<p><strong>Data protection<\/strong><\/p>\n<p>See<a href=\"https:\/\/doerrenhaus.com\/de\/DSGVO.html\" target=\"_blank\" rel=\"noopener noreferrer\">GDPR<\/a><\/p>\n<p><strong>Google Analytics<\/strong><br>\nThis website uses Google Analytics, a web analytics service provided by Google Inc (\"Google\"). Google Analytics uses \"cookies\", which are text files placed on your computer, to help the website analyse how users use the site. The information generated by the cookie about your use of the website (including your IP address) will be transmitted to and stored by Google on servers in the United States. Google may use this information for the purpose of analysing your use of the website, compiling reports on website activity for website operators and providing other services relating to website activity and internet usage. Google may also transfer this information to third parties where required to do so by law, or where such third parties process the information on Google's behalf. Google will not associate your IP address with any other data held by Google. You may refuse the use of cookies by selecting the appropriate settings on your browser, however please note that if you do this you may not be able to use the full functionality of this website. By using this website, you consent to the processing of data about you by Google in the manner and for the purposes set out above.<\/p>\n<p>The collection and storage of data can<a title=\"Opens external link in new window\" href=\"https:\/\/tools.google.com\/dlpage\/gaoptout?hl=de\" target=\"_blank\" rel=\"noopener noreferrer\">contradicted<\/a>be processed. This website uses Google Analytics with the extension \"_anonymizeIp()\", IP addresses are therefore only processed in abbreviated form in order to exclude the possibility of direct personal references.<\/p>","protected":false},"excerpt":{"rendered":"<p>D&#xF6;rrenhaus GmbH Internationale Spedition Siemensstrasse 21 42551 Velbert Telefon: +49 2051-2808-0 Telefax: +49 2051-2808-88 E-Mail: info(at)doerrenhaus.com Internet: www.doerrenhaus.com Vertretungsberechtigter Gesch&#xE4;ftsf&#xFC;hrer: Lars D&#xF6;rrenhaus, Arne Cujai Registergericht und -nummer: Amtsgericht Wuppertal, HRB 17304 Umsatzsteuer-Identifikationsnummer gem&#xE4;&#xDF; &#xA7; 27 a Umsatzsteuergesetz: DE 121540012 Inhaltlich Verantwortlicher gem&#xE4;&#xDF; &#xA7; 10 Absatz 3 MDStV: Lars D&#xF6;rrenhaus, Arne Cujai Programmierung: bitloft GmbH Urheber- [&#x2026;]<\/p>\n","protected":false},"author":2,"featured_media":0,"parent":0,"menu_order":0,"comment_status":"closed","ping_status":"closed","template":"","meta":{"_ayudawp_aiss_exclude":false,"footnotes":""},"class_list":["post-6545","page","type-page","status-publish","hentry"],"yoast_head":"<!-- This site is optimized with the Yoast SEO Premium plugin v27.5 (Yoast SEO v27.5) - https:\/\/yoast.com\/product\/yoast-seo-premium-wordpress\/ -->\n<title>Impressum &#8226; D\u00f6rrenhaus GmbH<\/title>\n<meta name=\"robots\" content=\"index, follow, max-snippet:-1, max-image-preview:large, max-video-preview:-1\" \/>\n<link rel=\"canonical\" href=\"https:\/\/www.doerrenhaus.com\/en\/impressum\/\" \/>\n<meta property=\"og:locale\" content=\"en_GB\" \/>\n<meta property=\"og:type\" content=\"article\" \/>\n<meta property=\"og:title\" content=\"Impressum\" \/>\n<meta property=\"og:description\" content=\"D&#xF6;rrenhaus GmbH Internationale Spedition Siemensstrasse 21 42551 Velbert Telefon: +49 2051-2808-0 Telefax: +49 2051-2808-88 E-Mail: info(at)doerrenhaus.com Internet: www.doerrenhaus.com Vertretungsberechtigter Gesch&#xE4;ftsf&#xFC;hrer: Lars D&#xF6;rrenhaus, Arne Cujai Registergericht und -nummer: Amtsgericht Wuppertal, HRB 17304 Umsatzsteuer-Identifikationsnummer gem&#xE4;&#xDF; &#xA7; 27 a Umsatzsteuergesetz: DE 121540012 Inhaltlich Verantwortlicher gem&#xE4;&#xDF; &#xA7; 10 Absatz 3 MDStV: Lars D&#xF6;rrenhaus, Arne Cujai Programmierung: bitloft GmbH Urheber- [&#x2026;]\" \/>\n<meta property=\"og:url\" content=\"https:\/\/www.doerrenhaus.com\/en\/impressum\/\" \/>\n<meta property=\"og:site_name\" content=\"D\u00f6rrenhaus GmbH\" \/>\n<meta property=\"article:modified_time\" content=\"2026-02-10T14:13:27+00:00\" \/>\n<meta name=\"twitter:label1\" content=\"Estimated reading time\" \/>\n\t<meta name=\"twitter:data1\" content=\"3 minutes\" \/>\n<script type=\"application\/ld+json\" class=\"yoast-schema-graph\">{\"@context\":\"https:\\\/\\\/schema.org\",\"@graph\":[{\"@type\":\"WebPage\",\"@id\":\"https:\\\/\\\/www.doerrenhaus.com\\\/impressum\\\/\",\"url\":\"https:\\\/\\\/www.doerrenhaus.com\\\/impressum\\\/\",\"name\":\"Impressum &#8226; D\u00f6rrenhaus GmbH\",\"isPartOf\":{\"@id\":\"https:\\\/\\\/www.doerrenhaus.com\\\/#website\"},\"datePublished\":\"2015-01-21T10:06:16+00:00\",\"dateModified\":\"2026-02-10T14:13:27+00:00\",\"breadcrumb\":{\"@id\":\"https:\\\/\\\/www.doerrenhaus.com\\\/impressum\\\/#breadcrumb\"},\"inLanguage\":\"en-GB\",\"potentialAction\":[{\"@type\":\"ReadAction\",\"target\":[\"https:\\\/\\\/www.doerrenhaus.com\\\/impressum\\\/\"]}]},{\"@type\":\"BreadcrumbList\",\"@id\":\"https:\\\/\\\/www.doerrenhaus.com\\\/impressum\\\/#breadcrumb\",\"itemListElement\":[{\"@type\":\"ListItem\",\"position\":1,\"name\":\"Home\",\"item\":\"https:\\\/\\\/www.doerrenhaus.com\\\/\"},{\"@type\":\"ListItem\",\"position\":2,\"name\":\"Impressum\"}]},{\"@type\":\"WebSite\",\"@id\":\"https:\\\/\\\/www.doerrenhaus.com\\\/#website\",\"url\":\"https:\\\/\\\/www.doerrenhaus.com\\\/\",\"name\":\"D\u00f6rrenhaus GmbH\",\"description\":\"Internationale Spedition\",\"publisher\":{\"@id\":\"https:\\\/\\\/www.doerrenhaus.com\\\/#organization\"},\"potentialAction\":[{\"@type\":\"SearchAction\",\"target\":{\"@type\":\"EntryPoint\",\"urlTemplate\":\"https:\\\/\\\/www.doerrenhaus.com\\\/?s={search_term_string}\"},\"query-input\":{\"@type\":\"PropertyValueSpecification\",\"valueRequired\":true,\"valueName\":\"search_term_string\"}}],\"inLanguage\":\"en-GB\"},{\"@type\":\"Organization\",\"@id\":\"https:\\\/\\\/www.doerrenhaus.com\\\/#organization\",\"name\":\"D\u00f6rrenhaus\",\"url\":\"https:\\\/\\\/www.doerrenhaus.com\\\/\",\"logo\":{\"@type\":\"ImageObject\",\"inLanguage\":\"en-GB\",\"@id\":\"https:\\\/\\\/www.doerrenhaus.com\\\/#\\\/schema\\\/logo\\\/image\\\/\",\"url\":\"https:\\\/\\\/www.doerrenhaus.com\\\/wp-content\\\/uploads\\\/sites\\\/8\\\/2020\\\/09\\\/Logo.jpg\",\"contentUrl\":\"https:\\\/\\\/www.doerrenhaus.com\\\/wp-content\\\/uploads\\\/sites\\\/8\\\/2020\\\/09\\\/Logo.jpg\",\"width\":870,\"height\":221,\"caption\":\"D\u00f6rrenhaus\"},\"image\":{\"@id\":\"https:\\\/\\\/www.doerrenhaus.com\\\/#\\\/schema\\\/logo\\\/image\\\/\"},\"sameAs\":[\"https:\\\/\\\/www.linkedin.com\\\/company\\\/doerrenhaus-spedition\\\/\",\"https:\\\/\\\/www.instagram.com\\\/spedition_doerrenhaus\\\/\"]}]}<\/script>\n<!-- \/ Yoast SEO Premium plugin. -->","yoast_head_json":{"title":"Imprint - D\u00f6rrenhaus GmbH","robots":{"index":"index","follow":"follow","max-snippet":"max-snippet:-1","max-image-preview":"max-image-preview:large","max-video-preview":"max-video-preview:-1"},"canonical":"https:\/\/www.doerrenhaus.com\/en\/impressum\/","og_locale":"en_GB","og_type":"article","og_title":"Impressum","og_description":"D&#xF6;rrenhaus GmbH Internationale Spedition Siemensstrasse 21 42551 Velbert Telefon: +49 2051-2808-0 Telefax: +49 2051-2808-88 E-Mail: info(at)doerrenhaus.com Internet: www.doerrenhaus.com Vertretungsberechtigter Gesch&#xE4;ftsf&#xFC;hrer: Lars D&#xF6;rrenhaus, Arne Cujai Registergericht und -nummer: Amtsgericht Wuppertal, HRB 17304 Umsatzsteuer-Identifikationsnummer gem&#xE4;&#xDF; &#xA7; 27 a Umsatzsteuergesetz: DE 121540012 Inhaltlich Verantwortlicher gem&#xE4;&#xDF; &#xA7; 10 Absatz 3 MDStV: Lars D&#xF6;rrenhaus, Arne Cujai Programmierung: bitloft GmbH Urheber- [&#x2026;]","og_url":"https:\/\/www.doerrenhaus.com\/en\/impressum\/","og_site_name":"D\u00f6rrenhaus GmbH","article_modified_time":"2026-02-10T14:13:27+00:00","twitter_misc":{"Estimated reading time":"3 minutes"},"schema":{"@context":"https:\/\/schema.org","@graph":[{"@type":"WebPage","@id":"https:\/\/www.doerrenhaus.com\/impressum\/","url":"https:\/\/www.doerrenhaus.com\/impressum\/","name":"Imprint - D\u00f6rrenhaus GmbH","isPartOf":{"@id":"https:\/\/www.doerrenhaus.com\/#website"},"datePublished":"2015-01-21T10:06:16+00:00","dateModified":"2026-02-10T14:13:27+00:00","breadcrumb":{"@id":"https:\/\/www.doerrenhaus.com\/impressum\/#breadcrumb"},"inLanguage":"en-GB","potentialAction":[{"@type":"ReadAction","target":["https:\/\/www.doerrenhaus.com\/impressum\/"]}]},{"@type":"BreadcrumbList","@id":"https:\/\/www.doerrenhaus.com\/impressum\/#breadcrumb","itemListElement":[{"@type":"ListItem","position":1,"name":"Home","item":"https:\/\/www.doerrenhaus.com\/"},{"@type":"ListItem","position":2,"name":"Impressum"}]},{"@type":"WebSite","@id":"https:\/\/www.doerrenhaus.com\/#website","url":"https:\/\/www.doerrenhaus.com\/","name":"D\u00f6rrenhaus GmbH","description":"Internationale Spedition","publisher":{"@id":"https:\/\/www.doerrenhaus.com\/#organization"},"potentialAction":[{"@type":"SearchAction","target":{"@type":"EntryPoint","urlTemplate":"https:\/\/www.doerrenhaus.com\/?s={search_term_string}"},"query-input":{"@type":"PropertyValueSpecification","valueRequired":true,"valueName":"search_term_string"}}],"inLanguage":"en-GB"},{"@type":"Organization","@id":"https:\/\/www.doerrenhaus.com\/#organization","name":"D\u00f6rrenhaus","url":"https:\/\/www.doerrenhaus.com\/","logo":{"@type":"ImageObject","inLanguage":"en-GB","@id":"https:\/\/www.doerrenhaus.com\/#\/schema\/logo\/image\/","url":"https:\/\/www.doerrenhaus.com\/wp-content\/uploads\/sites\/8\/2020\/09\/Logo.jpg","contentUrl":"https:\/\/www.doerrenhaus.com\/wp-content\/uploads\/sites\/8\/2020\/09\/Logo.jpg","width":870,"height":221,"caption":"D\u00f6rrenhaus"},"image":{"@id":"https:\/\/www.doerrenhaus.com\/#\/schema\/logo\/image\/"},"sameAs":["https:\/\/www.linkedin.com\/company\/doerrenhaus-spedition\/","https:\/\/www.instagram.com\/spedition_doerrenhaus\/"]}]}},"_links":{"self":[{"href":"https:\/\/www.doerrenhaus.com\/en\/wp-json\/wp\/v2\/pages\/6545","targetHints":{"allow":["GET"]}}],"collection":[{"href":"https:\/\/www.doerrenhaus.com\/en\/wp-json\/wp\/v2\/pages"}],"about":[{"href":"https:\/\/www.doerrenhaus.com\/en\/wp-json\/wp\/v2\/types\/page"}],"author":[{"embeddable":true,"href":"https:\/\/www.doerrenhaus.com\/en\/wp-json\/wp\/v2\/users\/2"}],"replies":[{"embeddable":true,"href":"https:\/\/www.doerrenhaus.com\/en\/wp-json\/wp\/v2\/comments?post=6545"}],"version-history":[{"count":5,"href":"https:\/\/www.doerrenhaus.com\/en\/wp-json\/wp\/v2\/pages\/6545\/revisions"}],"predecessor-version":[{"id":15253,"href":"https:\/\/www.doerrenhaus.com\/en\/wp-json\/wp\/v2\/pages\/6545\/revisions\/15253"}],"wp:attachment":[{"href":"https:\/\/www.doerrenhaus.com\/en\/wp-json\/wp\/v2\/media?parent=6545"}],"curies":[{"name":"wp","href":"https:\/\/api.w.org\/{rel}","templated":true}]}}